{"id":3900,"date":"2023-09-08T08:07:38","date_gmt":"2023-09-08T06:07:38","guid":{"rendered":"https:\/\/dev.hydriawater.com\/service-2\/"},"modified":"2025-01-14T08:56:39","modified_gmt":"2025-01-14T07:56:39","slug":"service-2","status":"publish","type":"page","link":"https:\/\/dev.hydriawater.com\/no\/service-2\/","title":{"rendered":"Service"},"content":{"rendered":"\t\t<div data-elementor-type=\"wp-page\" data-elementor-id=\"3900\" class=\"elementor elementor-3900 elementor-681\" data-elementor-post-type=\"page\">\n\t\t\t\t<div class=\"elementor-element elementor-element-2e6641d e-flex e-con-boxed e-con e-parent\" data-id=\"2e6641d\" data-element_type=\"container\">\n\t\t\t\t\t<div class=\"e-con-inner\">\n\t\t\t\t<div class=\"elementor-element elementor-element-9756608 elementor-widget elementor-widget-heading\" data-id=\"9756608\" data-element_type=\"widget\" data-widget_type=\"heading.default\">\n\t\t\t\t<div class=\"elementor-widget-container\">\n\t\t\t\t\t<h2 class=\"elementor-heading-title elementor-size-default\">Service<\/h2>\t\t\t\t<\/div>\n\t\t\t\t<\/div>\n\t\t\t\t<div class=\"elementor-element elementor-element-0c5a8d3 elementor-widget elementor-widget-text-editor\" data-id=\"0c5a8d3\" data-element_type=\"widget\" data-widget_type=\"text-editor.default\">\n\t\t\t\t<div class=\"elementor-widget-container\">\n\t\t\t\t\t\t\t\t\t<p>Alle maskiner trenger service innimellom. Ved \u00e5 overlate dette til oss, kan vi garantere at deres virksomhet ikke blir utsatt for akutte driftsstans for\u00e5rsaket av v\u00e5re maskiner.                                  V\u00e5re serviceteknikere har lang erfaring p\u00e5 alle v\u00e5re l\u00f8sninger, og vet derfor n\u00e5r det er behov for inspeksjon av maskinens ulike deler, samt gi r\u00e5d om hvordan maskinene b\u00f8r stilles inn eller justeres for \u00e5 utnytte maskinene best mulig. Vi utf\u00f8rer service p\u00e5 deres lokasjon, og deres personell kan fokusere p\u00e5 andre oppgaver i virksomheten. Med Hydria Waters Service sjekk er det enkelt \u00e5 v\u00e6re proaktiv og forebygge problemer i den mekaniske vannrenseprosessen.<\/p>\n\t\t\t\t\t\t\t\t<\/div>\n\t\t\t\t<\/div>\n\t\t<div class=\"elementor-element elementor-element-3bcec9b e-flex e-con-boxed e-con e-child\" data-id=\"3bcec9b\" data-element_type=\"container\">\n\t\t\t\t\t<div class=\"e-con-inner\">\n\t\t<div class=\"elementor-element elementor-element-de5fff8 e-flex e-con-boxed e-con e-child\" data-id=\"de5fff8\" data-element_type=\"container\">\n\t\t\t\t\t<div class=\"e-con-inner\">\n\t\t\t\t<div class=\"elementor-element elementor-element-9bd3aec elementor-widget elementor-widget-image\" data-id=\"9bd3aec\" data-element_type=\"widget\" data-widget_type=\"image.default\">\n\t\t\t\t<div class=\"elementor-widget-container\">\n\t\t\t\t\t\t\t\t\t\t\t\t\t\t\t<img fetchpriority=\"high\" decoding=\"async\" width=\"800\" height=\"534\" src=\"https:\/\/dev.hydriawater.com\/wp-content\/uploads\/2023\/09\/76A4480-1024x683.jpg\" class=\"attachment-large size-large wp-image-688\" alt=\"\" srcset=\"https:\/\/dev.hydriawater.com\/wp-content\/uploads\/2023\/09\/76A4480-1024x683.jpg 1024w, https:\/\/dev.hydriawater.com\/wp-content\/uploads\/2023\/09\/76A4480-300x200.jpg 300w, https:\/\/dev.hydriawater.com\/wp-content\/uploads\/2023\/09\/76A4480-768x512.jpg 768w, https:\/\/dev.hydriawater.com\/wp-content\/uploads\/2023\/09\/76A4480-1536x1025.jpg 1536w, https:\/\/dev.hydriawater.com\/wp-content\/uploads\/2023\/09\/76A4480-2048x1366.jpg 2048w\" sizes=\"(max-width: 800px) 100vw, 800px\" \/>\t\t\t\t\t\t\t\t\t\t\t\t\t\t\t<\/div>\n\t\t\t\t<\/div>\n\t\t\t\t<div class=\"elementor-element elementor-element-3ed1f21 elementor-widget elementor-widget-heading\" data-id=\"3ed1f21\" data-element_type=\"widget\" data-widget_type=\"heading.default\">\n\t\t\t\t<div class=\"elementor-widget-container\">\n\t\t\t\t\t<h2 class=\"elementor-heading-title elementor-size-default\">Reservdeler<\/h2>\t\t\t\t<\/div>\n\t\t\t\t<\/div>\n\t\t\t\t<div class=\"elementor-element elementor-element-85d8489 elementor-widget elementor-widget-text-editor\" data-id=\"85d8489\" data-element_type=\"widget\" data-widget_type=\"text-editor.default\">\n\t\t\t\t<div class=\"elementor-widget-container\">\n\t\t\t\t\t\t\t\t\t<p>Vi produserer alle deler selv, og har derfor rask tilgang til alle reservedeler. Dersom de ikke skulle v\u00e6re p\u00e5 lager, kan vi raskt produsere dem.  Som regel kan vi sende reservedelene samme dag som du tar kontakt med oss.<\/p>\n\t\t\t\t\t\t\t\t<\/div>\n\t\t\t\t<\/div>\n\t\t\t\t<div class=\"elementor-element elementor-element-7399ca9 elementor-widget elementor-widget-button\" data-id=\"7399ca9\" data-element_type=\"widget\" data-widget_type=\"button.default\">\n\t\t\t\t<div class=\"elementor-widget-container\">\n\t\t\t\t\t\t\t\t\t<div class=\"elementor-button-wrapper\">\n\t\t\t\t\t<a class=\"elementor-button elementor-button-link elementor-size-sm\" href=\"https:\/\/dev.hydriawater.com\/no\/reservdeler\/\">\n\t\t\t\t\t\t<span class=\"elementor-button-content-wrapper\">\n\t\t\t\t\t\t\t\t\t<span class=\"elementor-button-text\">Les mer<\/span>\n\t\t\t\t\t<\/span>\n\t\t\t\t\t<\/a>\n\t\t\t\t<\/div>\n\t\t\t\t\t\t\t\t<\/div>\n\t\t\t\t<\/div>\n\t\t\t\t\t<\/div>\n\t\t\t\t<\/div>\n\t\t<div class=\"elementor-element elementor-element-f0dea43 e-flex e-con-boxed e-con e-child\" data-id=\"f0dea43\" data-element_type=\"container\">\n\t\t\t\t\t<div class=\"e-con-inner\">\n\t\t\t\t<div class=\"elementor-element elementor-element-7844606 elementor-widget elementor-widget-image\" data-id=\"7844606\" data-element_type=\"widget\" data-widget_type=\"image.default\">\n\t\t\t\t<div class=\"elementor-widget-container\">\n\t\t\t\t\t\t\t\t\t\t\t\t\t\t\t<img decoding=\"async\" width=\"800\" height=\"534\" src=\"https:\/\/dev.hydriawater.com\/wp-content\/uploads\/2024\/08\/montage_2_1920x1280-1024x683.jpg\" class=\"attachment-large size-large wp-image-3429\" alt=\"\" srcset=\"https:\/\/dev.hydriawater.com\/wp-content\/uploads\/2024\/08\/montage_2_1920x1280-1024x683.jpg 1024w, https:\/\/dev.hydriawater.com\/wp-content\/uploads\/2024\/08\/montage_2_1920x1280-300x200.jpg 300w, https:\/\/dev.hydriawater.com\/wp-content\/uploads\/2024\/08\/montage_2_1920x1280-768x512.jpg 768w, https:\/\/dev.hydriawater.com\/wp-content\/uploads\/2024\/08\/montage_2_1920x1280-1536x1024.jpg 1536w, https:\/\/dev.hydriawater.com\/wp-content\/uploads\/2024\/08\/montage_2_1920x1280.jpg 1920w\" sizes=\"(max-width: 800px) 100vw, 800px\" \/>\t\t\t\t\t\t\t\t\t\t\t\t\t\t\t<\/div>\n\t\t\t\t<\/div>\n\t\t\t\t<div class=\"elementor-element elementor-element-4155899 elementor-widget elementor-widget-heading\" data-id=\"4155899\" data-element_type=\"widget\" data-widget_type=\"heading.default\">\n\t\t\t\t<div class=\"elementor-widget-container\">\n\t\t\t\t\t<h2 class=\"elementor-heading-title elementor-size-default\">Montering<\/h2>\t\t\t\t<\/div>\n\t\t\t\t<\/div>\n\t\t\t\t<div class=\"elementor-element elementor-element-d0f809d elementor-widget elementor-widget-text-editor\" data-id=\"d0f809d\" data-element_type=\"widget\" data-widget_type=\"text-editor.default\">\n\t\t\t\t<div class=\"elementor-widget-container\">\n\t\t\t\t\t\t\t\t\t<p>N\u00e5r du kj\u00f8per utstyr fra Hydria Water, er det et klokt valg \u00e5 ogs\u00e5 la oss montere og sette det i drift for dere. V\u00e5re dyktige mont\u00f8rer installerer v\u00e5rt utstyr hver uke over hele landet. Det gj\u00f8r oss b\u00e5de effektive og n\u00f8ye, og siden vi har full kontroll p\u00e5 helheten, kan vi garantere dere en smidig prosess.<\/p>\n\t\t\t\t\t\t\t\t<\/div>\n\t\t\t\t<\/div>\n\t\t\t\t<div class=\"elementor-element elementor-element-5812401 elementor-widget elementor-widget-button\" data-id=\"5812401\" data-element_type=\"widget\" data-widget_type=\"button.default\">\n\t\t\t\t<div class=\"elementor-widget-container\">\n\t\t\t\t\t\t\t\t\t<div class=\"elementor-button-wrapper\">\n\t\t\t\t\t<a class=\"elementor-button elementor-button-link elementor-size-sm\" href=\"https:\/\/dev.hydriawater.com\/no\/montering\/\">\n\t\t\t\t\t\t<span class=\"elementor-button-content-wrapper\">\n\t\t\t\t\t\t\t\t\t<span class=\"elementor-button-text\">Les mer<\/span>\n\t\t\t\t\t<\/span>\n\t\t\t\t\t<\/a>\n\t\t\t\t<\/div>\n\t\t\t\t\t\t\t\t<\/div>\n\t\t\t\t<\/div>\n\t\t\t\t\t<\/div>\n\t\t\t\t<\/div>\n\t\t<div class=\"elementor-element elementor-element-1ecfae1 e-flex e-con-boxed e-con e-child\" data-id=\"1ecfae1\" data-element_type=\"container\">\n\t\t\t\t\t<div class=\"e-con-inner\">\n\t\t\t\t<div class=\"elementor-element elementor-element-97e8826 elementor-widget elementor-widget-image\" data-id=\"97e8826\" data-element_type=\"widget\" data-widget_type=\"image.default\">\n\t\t\t\t<div class=\"elementor-widget-container\">\n\t\t\t\t\t\t\t\t\t\t\t\t\t\t\t<img decoding=\"async\" width=\"800\" height=\"534\" src=\"https:\/\/dev.hydriawater.com\/wp-content\/uploads\/2025\/01\/service_check_1920x1280-1024x683.jpg\" class=\"attachment-large size-large wp-image-4261\" alt=\"\" srcset=\"https:\/\/dev.hydriawater.com\/wp-content\/uploads\/2025\/01\/service_check_1920x1280-1024x683.jpg 1024w, https:\/\/dev.hydriawater.com\/wp-content\/uploads\/2025\/01\/service_check_1920x1280-300x200.jpg 300w, https:\/\/dev.hydriawater.com\/wp-content\/uploads\/2025\/01\/service_check_1920x1280-768x512.jpg 768w, https:\/\/dev.hydriawater.com\/wp-content\/uploads\/2025\/01\/service_check_1920x1280-1536x1024.jpg 1536w, https:\/\/dev.hydriawater.com\/wp-content\/uploads\/2025\/01\/service_check_1920x1280.jpg 1920w\" sizes=\"(max-width: 800px) 100vw, 800px\" \/>\t\t\t\t\t\t\t\t\t\t\t\t\t\t\t<\/div>\n\t\t\t\t<\/div>\n\t\t\t\t<div class=\"elementor-element elementor-element-4b09118 elementor-widget elementor-widget-heading\" data-id=\"4b09118\" data-element_type=\"widget\" data-widget_type=\"heading.default\">\n\t\t\t\t<div class=\"elementor-widget-container\">\n\t\t\t\t\t<h2 class=\"elementor-heading-title elementor-size-default\">Service Check<\/h2>\t\t\t\t<\/div>\n\t\t\t\t<\/div>\n\t\t\t\t<div class=\"elementor-element elementor-element-a1e8e6f elementor-widget elementor-widget-text-editor\" data-id=\"a1e8e6f\" data-element_type=\"widget\" data-widget_type=\"text-editor.default\">\n\t\t\t\t<div class=\"elementor-widget-container\">\n\t\t\t\t\t\t\t\t\t<p>N\u00e5r du bestiller en Service sjekk fra oss, f\u00e5r du en total inspeksjon over dine installasjoner og kan dermed jobbe proaktivt med utskiftninger og vedlikehold. En Service sjekk gir deg trygghet i at alt utstyr fungerer som det skal og minimerer antall akutte driftsstans. I tillegg forlenger det maskinenes levetid.<\/p>\n\t\t\t\t\t\t\t\t<\/div>\n\t\t\t\t<\/div>\n\t\t\t\t<div class=\"elementor-element elementor-element-3d6769d elementor-widget elementor-widget-button\" data-id=\"3d6769d\" data-element_type=\"widget\" data-widget_type=\"button.default\">\n\t\t\t\t<div class=\"elementor-widget-container\">\n\t\t\t\t\t\t\t\t\t<div class=\"elementor-button-wrapper\">\n\t\t\t\t\t<a class=\"elementor-button elementor-button-link elementor-size-sm\" href=\"https:\/\/dev.hydriawater.com\/no\/hydria-water-service-check\/\">\n\t\t\t\t\t\t<span class=\"elementor-button-content-wrapper\">\n\t\t\t\t\t\t\t\t\t<span class=\"elementor-button-text\">Les mer<\/span>\n\t\t\t\t\t<\/span>\n\t\t\t\t\t<\/a>\n\t\t\t\t<\/div>\n\t\t\t\t\t\t\t\t<\/div>\n\t\t\t\t<\/div>\n\t\t\t\t\t<\/div>\n\t\t\t\t<\/div>\n\t\t\t\t\t<\/div>\n\t\t\t\t<\/div>\n\t\t\t\t\t<\/div>\n\t\t\t\t<\/div>\n\t\t\t\t<\/div>\n\t\t","protected":false},"excerpt":{"rendered":"<p>Service Alle maskiner trenger service innimellom. Ved \u00e5 overlate dette til oss, kan vi garantere at deres virksomhet ikke blir utsatt for akutte driftsstans for\u00e5rsaket av v\u00e5re maskiner. V\u00e5re serviceteknikere har lang erfaring p\u00e5 alle v\u00e5re l\u00f8sninger, og vet derfor n\u00e5r det er behov for inspeksjon av maskinens ulike deler, samt gi r\u00e5d om hvordan [&hellip;]<\/p>\n","protected":false},"author":1,"featured_media":0,"parent":0,"menu_order":0,"comment_status":"closed","ping_status":"closed","template":"","meta":{"_acf_changed":false,"footnotes":""},"class_list":["post-3900","page","type-page","status-publish","hentry"],"acf":[],"_links":{"self":[{"href":"https:\/\/dev.hydriawater.com\/no\/wp-json\/wp\/v2\/pages\/3900","targetHints":{"allow":["GET"]}}],"collection":[{"href":"https:\/\/dev.hydriawater.com\/no\/wp-json\/wp\/v2\/pages"}],"about":[{"href":"https:\/\/dev.hydriawater.com\/no\/wp-json\/wp\/v2\/types\/page"}],"author":[{"embeddable":true,"href":"https:\/\/dev.hydriawater.com\/no\/wp-json\/wp\/v2\/users\/1"}],"replies":[{"embeddable":true,"href":"https:\/\/dev.hydriawater.com\/no\/wp-json\/wp\/v2\/comments?post=3900"}],"version-history":[{"count":8,"href":"https:\/\/dev.hydriawater.com\/no\/wp-json\/wp\/v2\/pages\/3900\/revisions"}],"predecessor-version":[{"id":4266,"href":"https:\/\/dev.hydriawater.com\/no\/wp-json\/wp\/v2\/pages\/3900\/revisions\/4266"}],"wp:attachment":[{"href":"https:\/\/dev.hydriawater.com\/no\/wp-json\/wp\/v2\/media?parent=3900"}],"curies":[{"name":"wp","href":"https:\/\/api.w.org\/{rel}","templated":true}]}}