{"id":3856,"date":"2023-10-02T08:28:22","date_gmt":"2023-10-02T06:28:22","guid":{"rendered":"https:\/\/dev.hydriawater.com\/radgivning\/"},"modified":"2024-12-18T13:41:37","modified_gmt":"2024-12-18T12:41:37","slug":"radgivning","status":"publish","type":"page","link":"https:\/\/dev.hydriawater.com\/no\/radgivning\/","title":{"rendered":"R\u00e5dgivning"},"content":{"rendered":"\t\t<div data-elementor-type=\"wp-page\" data-elementor-id=\"3856\" class=\"elementor elementor-3856 elementor-1243\" data-elementor-post-type=\"page\">\n\t\t\t\t<div class=\"elementor-element elementor-element-21bd6a90 e-flex e-con-boxed e-con e-parent\" data-id=\"21bd6a90\" data-element_type=\"container\" data-settings=\"{&quot;background_background&quot;:&quot;classic&quot;}\">\n\t\t\t\t\t<div class=\"e-con-inner\">\n\t\t\t\t<div class=\"elementor-element elementor-element-40c22d4b elementor-widget elementor-widget-heading\" data-id=\"40c22d4b\" data-element_type=\"widget\" data-widget_type=\"heading.default\">\n\t\t\t\t<div class=\"elementor-widget-container\">\n\t\t\t\t\t<h2 class=\"elementor-heading-title elementor-size-default\">R\u00e5dgivning<\/h2>\t\t\t\t<\/div>\n\t\t\t\t<\/div>\n\t\t\t\t\t<\/div>\n\t\t\t\t<\/div>\n\t\t<div class=\"elementor-element elementor-element-171c5d90 e-flex e-con-boxed e-con e-parent\" data-id=\"171c5d90\" data-element_type=\"container\">\n\t\t\t\t\t<div class=\"e-con-inner\">\n\t\t\t\t<div class=\"elementor-element elementor-element-6fb5868 elementor-widget elementor-widget-text-editor\" data-id=\"6fb5868\" data-element_type=\"widget\" data-widget_type=\"text-editor.default\">\n\t\t\t\t<div class=\"elementor-widget-container\">\n\t\t\t\t\t\t\t\t\t<p>Ikke la begrensninger p\u00e5 rommet eller kanalen avgj\u00f8re innkj\u00f8pet, vi er her for kunne hjelpe med \u00e5 finne l\u00f8sninger som er tilpasset deres behov og \u00f8nsker. Hos Hydria Water starter prosessen med \u00e5 beregne hvilken vannmengde maskinen m\u00e5 kunne h\u00e5ndtere, samt at vi tar hensyn til resten av prosessen og eksisterende funksjoner. Basert p\u00e5 deres behov og v\u00e5r unders\u00f8kelse, utarbeider vi en rapport med anbefalinger om hvordan anlegget kan optimaliseres mest kostnadseffektivt. Med v\u00e5r kompetanse \u00f8nsker vi \u00e5 skape forutsetninger for at alt skal fungere mest mulig driftssikkert.<\/p>\n\t\t\t\t\t\t\t\t<\/div>\n\t\t\t\t<\/div>\n\t\t\t\t\t<\/div>\n\t\t\t\t<\/div>\n\t\t<div class=\"elementor-element elementor-element-1bfe86d3 e-flex e-con-boxed e-con e-parent\" data-id=\"1bfe86d3\" data-element_type=\"container\">\n\t\t\t\t\t<div class=\"e-con-inner\">\n\t\t<div class=\"elementor-element elementor-element-539e994a e-con-full e-flex e-con e-child\" data-id=\"539e994a\" data-element_type=\"container\">\n\t\t\t\t<div class=\"elementor-element elementor-element-69d420f3 elementor-widget elementor-widget-image\" data-id=\"69d420f3\" data-element_type=\"widget\" data-widget_type=\"image.default\">\n\t\t\t\t<div class=\"elementor-widget-container\">\n\t\t\t\t\t\t\t\t\t\t\t\t\t\t\t<img fetchpriority=\"high\" decoding=\"async\" width=\"800\" height=\"534\" src=\"https:\/\/dev.hydriawater.com\/wp-content\/uploads\/2024\/05\/hw_behover_du_radgivning-1024x683.jpg\" class=\"attachment-large size-large wp-image-3264\" alt=\"\" srcset=\"https:\/\/dev.hydriawater.com\/wp-content\/uploads\/2024\/05\/hw_behover_du_radgivning-1024x683.jpg 1024w, https:\/\/dev.hydriawater.com\/wp-content\/uploads\/2024\/05\/hw_behover_du_radgivning-300x200.jpg 300w, https:\/\/dev.hydriawater.com\/wp-content\/uploads\/2024\/05\/hw_behover_du_radgivning-768x512.jpg 768w, https:\/\/dev.hydriawater.com\/wp-content\/uploads\/2024\/05\/hw_behover_du_radgivning-1536x1024.jpg 1536w, https:\/\/dev.hydriawater.com\/wp-content\/uploads\/2024\/05\/hw_behover_du_radgivning.jpg 1920w\" sizes=\"(max-width: 800px) 100vw, 800px\" \/>\t\t\t\t\t\t\t\t\t\t\t\t\t\t\t<\/div>\n\t\t\t\t<\/div>\n\t\t\t\t<\/div>\n\t\t<div class=\"elementor-element elementor-element-4e8b3ebb e-con-full e-flex e-con e-child\" data-id=\"4e8b3ebb\" data-element_type=\"container\">\n\t\t\t\t<div class=\"elementor-element elementor-element-7a4ec2a5 elementor-widget elementor-widget-heading\" data-id=\"7a4ec2a5\" data-element_type=\"widget\" data-widget_type=\"heading.default\">\n\t\t\t\t<div class=\"elementor-widget-container\">\n\t\t\t\t\t<h2 class=\"elementor-heading-title elementor-size-default\">Trenger du r\u00e5dgivning?<\/h2>\t\t\t\t<\/div>\n\t\t\t\t<\/div>\n\t\t\t\t<div class=\"elementor-element elementor-element-5bf4196b elementor-widget elementor-widget-text-editor\" data-id=\"5bf4196b\" data-element_type=\"widget\" data-widget_type=\"text-editor.default\">\n\t\t\t\t<div class=\"elementor-widget-container\">\n\t\t\t\t\t\t\t\t\t<p>Du er alltid velkommen til \u00e5 kontakte oss med dine sp\u00f8rsm\u00e5l. P\u00e5 kontaktsiden finner du informasjon til n\u00f8kkelpersoner i v\u00e5r organisasjon, eller ta kontakt med Johan Fritz direkte. <span class=\"Apple-converted-space\">\u00a0<\/span><\/p>\n<p><strong>JOHAN FRITZ<\/strong><br \/>\nSalgsjef<\/p>\n<p>Tel: <a href=\"tel:+46 33 23 67 07\">+46 33 23 67 07<\/a><br \/>\nMobil: <a href=\"tel:+46 73 681 57 20\">+46 73 681 57 20<\/a><br \/>\n<a href=\"mailto:johan.fritz@hydriawater.com\">johan.fritz@hydriawater.com<\/a><\/p>\n\t\t\t\t\t\t\t\t<\/div>\n\t\t\t\t<\/div>\n\t\t\t\t<\/div>\n\t\t\t\t\t<\/div>\n\t\t\t\t<\/div>\n\t\t\t\t<\/div>\n\t\t","protected":false},"excerpt":{"rendered":"<p>R\u00e5dgivning Ikke la begrensninger p\u00e5 rommet eller kanalen avgj\u00f8re innkj\u00f8pet, vi er her for kunne hjelpe med \u00e5 finne l\u00f8sninger som er tilpasset deres behov og \u00f8nsker. Hos Hydria Water starter prosessen med \u00e5 beregne hvilken vannmengde maskinen m\u00e5 kunne h\u00e5ndtere, samt at vi tar hensyn til resten av prosessen og eksisterende funksjoner. Basert p\u00e5 [&hellip;]<\/p>\n","protected":false},"author":1,"featured_media":0,"parent":0,"menu_order":0,"comment_status":"closed","ping_status":"closed","template":"","meta":{"_acf_changed":false,"footnotes":""},"class_list":["post-3856","page","type-page","status-publish","hentry"],"acf":[],"_links":{"self":[{"href":"https:\/\/dev.hydriawater.com\/no\/wp-json\/wp\/v2\/pages\/3856","targetHints":{"allow":["GET"]}}],"collection":[{"href":"https:\/\/dev.hydriawater.com\/no\/wp-json\/wp\/v2\/pages"}],"about":[{"href":"https:\/\/dev.hydriawater.com\/no\/wp-json\/wp\/v2\/types\/page"}],"author":[{"embeddable":true,"href":"https:\/\/dev.hydriawater.com\/no\/wp-json\/wp\/v2\/users\/1"}],"replies":[{"embeddable":true,"href":"https:\/\/dev.hydriawater.com\/no\/wp-json\/wp\/v2\/comments?post=3856"}],"version-history":[{"count":3,"href":"https:\/\/dev.hydriawater.com\/no\/wp-json\/wp\/v2\/pages\/3856\/revisions"}],"predecessor-version":[{"id":4109,"href":"https:\/\/dev.hydriawater.com\/no\/wp-json\/wp\/v2\/pages\/3856\/revisions\/4109"}],"wp:attachment":[{"href":"https:\/\/dev.hydriawater.com\/no\/wp-json\/wp\/v2\/media?parent=3856"}],"curies":[{"name":"wp","href":"https:\/\/api.w.org\/{rel}","templated":true}]}}