{"id":3846,"date":"2023-09-26T13:52:54","date_gmt":"2023-09-26T11:52:54","guid":{"rendered":"https:\/\/dev.hydriawater.com\/renshandtering\/"},"modified":"2024-09-09T15:56:23","modified_gmt":"2024-09-09T13:56:23","slug":"renshandtering","status":"publish","type":"page","link":"https:\/\/dev.hydriawater.com\/no\/renshandtering\/","title":{"rendered":"Rensh\u00e5ndtering"},"content":{"rendered":"\t\t<div data-elementor-type=\"wp-page\" data-elementor-id=\"3846\" class=\"elementor elementor-3846 elementor-1034\" data-elementor-post-type=\"page\">\n\t\t\t\t<div class=\"elementor-element elementor-element-2e6717f e-flex e-con-boxed e-con e-parent\" data-id=\"2e6717f\" data-element_type=\"container\" data-settings=\"{&quot;background_background&quot;:&quot;classic&quot;}\">\n\t\t\t\t\t<div class=\"e-con-inner\">\n\t\t\t\t<div class=\"elementor-element elementor-element-dd80439 elementor-widget elementor-widget-heading\" data-id=\"dd80439\" data-element_type=\"widget\" data-widget_type=\"heading.default\">\n\t\t\t\t<div class=\"elementor-widget-container\">\n\t\t\t\t\t<h2 class=\"elementor-heading-title elementor-size-default\">Rensh\u00e5ndtering<\/h2>\t\t\t\t<\/div>\n\t\t\t\t<\/div>\n\t\t\t\t<div class=\"elementor-element elementor-element-fec07a1 elementor-widget elementor-widget-heading\" data-id=\"fec07a1\" data-element_type=\"widget\" data-widget_type=\"heading.default\">\n\t\t\t\t<div class=\"elementor-widget-container\">\n\t\t\t\t\t<h2 class=\"elementor-heading-title elementor-size-default\">Vaske,<br> presse <br>och avvann.<\/h2>\t\t\t\t<\/div>\n\t\t\t\t<\/div>\n\t\t\t\t\t<\/div>\n\t\t\t\t<\/div>\n\t\t<div class=\"elementor-element elementor-element-a4ded75 e-flex e-con-boxed e-con e-parent\" data-id=\"a4ded75\" data-element_type=\"container\">\n\t\t\t\t\t<div class=\"e-con-inner\">\n\t\t\t\t<div class=\"elementor-element elementor-element-5d66f41 elementor-widget elementor-widget-heading\" data-id=\"5d66f41\" data-element_type=\"widget\" data-widget_type=\"heading.default\">\n\t\t\t\t<div class=\"elementor-widget-container\">\n\t\t\t\t\t<h2 class=\"elementor-heading-title elementor-size-large\">Produkter<\/h2>\t\t\t\t<\/div>\n\t\t\t\t<\/div>\n\t\t\t\t\t<\/div>\n\t\t\t\t<\/div>\n\t\t<div class=\"elementor-element elementor-element-9dcda16 e-flex e-con-boxed e-con e-parent\" data-id=\"9dcda16\" data-element_type=\"container\">\n\t\t\t\t\t<div class=\"e-con-inner\">\n\t\t\t\t<div class=\"elementor-element elementor-element-5d9f416 elementor-pagination-type-bullets elementor-arrows-position-inside elementor-pagination-position-outside elementor-widget elementor-widget-loop-carousel\" data-id=\"5d9f416\" data-element_type=\"widget\" data-settings=\"{&quot;template_id&quot;:977,&quot;slides_to_show&quot;:&quot;5&quot;,&quot;image_spacing_custom&quot;:{&quot;unit&quot;:&quot;px&quot;,&quot;size&quot;:0,&quot;sizes&quot;:[]},&quot;_skin&quot;:&quot;post&quot;,&quot;slides_to_show_laptop&quot;:&quot;3&quot;,&quot;slides_to_show_tablet&quot;:&quot;2&quot;,&quot;slides_to_show_mobile&quot;:&quot;1&quot;,&quot;slides_to_scroll&quot;:&quot;1&quot;,&quot;edit_handle_selector&quot;:&quot;.elementor-widget-container&quot;,&quot;autoplay&quot;:&quot;yes&quot;,&quot;autoplay_speed&quot;:5000,&quot;pause_on_hover&quot;:&quot;yes&quot;,&quot;pause_on_interaction&quot;:&quot;yes&quot;,&quot;infinite&quot;:&quot;yes&quot;,&quot;speed&quot;:500,&quot;offset_sides&quot;:&quot;none&quot;,&quot;arrows&quot;:&quot;yes&quot;,&quot;pagination&quot;:&quot;bullets&quot;,&quot;image_spacing_custom_laptop&quot;:{&quot;unit&quot;:&quot;px&quot;,&quot;size&quot;:&quot;&quot;,&quot;sizes&quot;:[]},&quot;image_spacing_custom_tablet&quot;:{&quot;unit&quot;:&quot;px&quot;,&quot;size&quot;:&quot;&quot;,&quot;sizes&quot;:[]},&quot;image_spacing_custom_mobile&quot;:{&quot;unit&quot;:&quot;px&quot;,&quot;size&quot;:&quot;&quot;,&quot;sizes&quot;:[]}}\" data-widget_type=\"loop-carousel.post\">\n\t\t\t\t<div class=\"elementor-widget-container\">\n\t\t\t\t\t\t\t<div class=\"e-loop-nothing-found-message\">\n\t\t<\/div>\n\t\t\t\t\t\t<\/div>\n\t\t\t\t<\/div>\n\t\t\t\t\t<\/div>\n\t\t\t\t<\/div>\n\t\t<div class=\"elementor-element elementor-element-fa2f383 e-con-full segmenttitle e-flex e-con e-parent\" data-id=\"fa2f383\" data-element_type=\"container\" data-settings=\"{&quot;background_background&quot;:&quot;classic&quot;}\">\n\t\t<div class=\"elementor-element elementor-element-31ac40e e-con-full e-flex e-con e-child\" data-id=\"31ac40e\" data-element_type=\"container\">\n\t\t\t\t<div class=\"elementor-element elementor-element-d9a0022 elementor-widget elementor-widget-heading\" data-id=\"d9a0022\" data-element_type=\"widget\" data-widget_type=\"heading.default\">\n\t\t\t\t<div class=\"elementor-widget-container\">\n\t\t\t\t\t<h2 class=\"elementor-heading-title elementor-size-default\">Rensh\u00e5ndtering<\/h2>\t\t\t\t<\/div>\n\t\t\t\t<\/div>\n\t\t\t\t<div class=\"elementor-element elementor-element-cdaf7e4 largemobiletitle elementor-widget elementor-widget-heading\" data-id=\"cdaf7e4\" data-element_type=\"widget\" data-widget_type=\"heading.default\">\n\t\t\t\t<div class=\"elementor-widget-container\">\n\t\t\t\t\t<h2 class=\"elementor-heading-title elementor-size-xl\">Innovativ rensh\u00e5ndtering<\/h2>\t\t\t\t<\/div>\n\t\t\t\t<\/div>\n\t\t\t\t<div class=\"elementor-element elementor-element-667158e elementor-widget elementor-widget-text-editor\" data-id=\"667158e\" data-element_type=\"widget\" data-widget_type=\"text-editor.default\">\n\t\t\t\t<div class=\"elementor-widget-container\">\n\t\t\t\t\t\t\t\t\t<p>Renset, alts\u00e5 s\u00f8ppelet som har kommet til renseanlegget med avl\u00f8psvannet og blitt filtrert bort i rensavskillingen, h\u00e5ndteres i rensh\u00e5ndteringen. Her vaskes og presses det for \u00e5 avvannes s\u00e5 mye som mulig, og deretter kj\u00f8res renset til forbrenning. <span class=\"Apple-converted-space\">\u00a0<\/span><\/p>\n<p>Hydria Water har utviklet flere forskjellige rensh\u00e5ndteringsprodukter i form av vaskepresser, stempelpresser, rivere og kverner. Gjennom innovasjon og kontinuerlig utvikling kan vi i dag tilby maskiner med en t\u00f8rrstoffprosent p\u00e5 over 60 prosent.<span class=\"Apple-converted-space\">\u00a0<\/span><\/p>\n\t\t\t\t\t\t\t\t<\/div>\n\t\t\t\t<\/div>\n\t\t\t\t<\/div>\n\t\t<div class=\"elementor-element elementor-element-06e73f9 e-con-full e-flex e-con e-child\" data-id=\"06e73f9\" data-element_type=\"container\" data-settings=\"{&quot;background_background&quot;:&quot;classic&quot;}\">\n\t\t\t\t<\/div>\n\t\t\t\t<\/div>\n\t\t<div class=\"elementor-element elementor-element-7c1cf81 e-con-full segmenttitle e-flex e-con e-parent\" data-id=\"7c1cf81\" data-element_type=\"container\" data-settings=\"{&quot;background_background&quot;:&quot;classic&quot;}\">\n\t\t<div class=\"elementor-element elementor-element-a5a4395 e-con-full e-flex e-con e-child\" data-id=\"a5a4395\" data-element_type=\"container\">\n\t\t\t\t<div class=\"elementor-element elementor-element-3b0cbdc elementor-widget elementor-widget-heading\" data-id=\"3b0cbdc\" data-element_type=\"widget\" data-widget_type=\"heading.default\">\n\t\t\t\t<div class=\"elementor-widget-container\">\n\t\t\t\t\t<h2 class=\"elementor-heading-title elementor-size-default\">TRYGGHETSAVTALE<\/h2>\t\t\t\t<\/div>\n\t\t\t\t<\/div>\n\t\t\t\t<div class=\"elementor-element elementor-element-799841c largemobiletitle elementor-widget elementor-widget-heading\" data-id=\"799841c\" data-element_type=\"widget\" data-widget_type=\"heading.default\">\n\t\t\t\t<div class=\"elementor-widget-container\">\n\t\t\t\t\t<h2 class=\"elementor-heading-title elementor-size-xl\">TEGN ET TRYGGHETSAVTALE<\/h2>\t\t\t\t<\/div>\n\t\t\t\t<\/div>\n\t\t\t\t<div class=\"elementor-element elementor-element-285918d elementor-widget elementor-widget-text-editor\" data-id=\"285918d\" data-element_type=\"widget\" data-widget_type=\"text-editor.default\">\n\t\t\t\t<div class=\"elementor-widget-container\">\n\t\t\t\t\t\t\t\t\t<p>Med et Trygghetsavtale er du alltid en prioritert kunde hos oss. V\u00e5re eksperter gjennomf\u00f8rer regelmessig og forebyggende service og vedlikehold p\u00e5 maskinparken din. Dette gir deg trygghet i at utstyret fungerer som det skal. <span class=\"Apple-converted-space\">\u00a0<\/span><\/p>\n\t\t\t\t\t\t\t\t<\/div>\n\t\t\t\t<\/div>\n\t\t\t\t<div class=\"elementor-element elementor-element-c909613 elementor-widget elementor-widget-button\" data-id=\"c909613\" data-element_type=\"widget\" data-widget_type=\"button.default\">\n\t\t\t\t<div class=\"elementor-widget-container\">\n\t\t\t\t\t\t\t\t\t<div class=\"elementor-button-wrapper\">\n\t\t\t\t\t<a class=\"elementor-button elementor-button-link elementor-size-sm\" href=\"https:\/\/dev.hydriawater.com\/trygghetsavtal\/\">\n\t\t\t\t\t\t<span class=\"elementor-button-content-wrapper\">\n\t\t\t\t\t\t\t\t\t<span class=\"elementor-button-text\">Mer om avtaler<\/span>\n\t\t\t\t\t<\/span>\n\t\t\t\t\t<\/a>\n\t\t\t\t<\/div>\n\t\t\t\t\t\t\t\t<\/div>\n\t\t\t\t<\/div>\n\t\t\t\t<\/div>\n\t\t<div class=\"elementor-element elementor-element-21e92f8 e-con-full e-flex e-con e-child\" data-id=\"21e92f8\" data-element_type=\"container\" data-settings=\"{&quot;background_background&quot;:&quot;classic&quot;}\">\n\t\t\t\t<\/div>\n\t\t\t\t<\/div>\n\t\t<div class=\"elementor-element elementor-element-1aeffa8 e-con-full segmenttitle e-flex e-con e-parent\" data-id=\"1aeffa8\" data-element_type=\"container\" data-settings=\"{&quot;background_background&quot;:&quot;classic&quot;}\">\n\t\t<div class=\"elementor-element elementor-element-e4a6650 e-con-full e-flex e-con e-child\" data-id=\"e4a6650\" data-element_type=\"container\">\n\t\t\t\t<div class=\"elementor-element elementor-element-8533def elementor-widget elementor-widget-heading\" data-id=\"8533def\" data-element_type=\"widget\" data-widget_type=\"heading.default\">\n\t\t\t\t<div class=\"elementor-widget-container\">\n\t\t\t\t\t<h2 class=\"elementor-heading-title elementor-size-default\">Kontakt<\/h2>\t\t\t\t<\/div>\n\t\t\t\t<\/div>\n\t\t\t\t<div class=\"elementor-element elementor-element-e61fbf0 largemobiletitle elementor-widget elementor-widget-heading\" data-id=\"e61fbf0\" data-element_type=\"widget\" data-widget_type=\"heading.default\">\n\t\t\t\t<div class=\"elementor-widget-container\">\n\t\t\t\t\t<h2 class=\"elementor-heading-title elementor-size-xl\">Vi er med deg hele veien<\/h2>\t\t\t\t<\/div>\n\t\t\t\t<\/div>\n\t\t\t\t<div class=\"elementor-element elementor-element-4d44385 elementor-widget elementor-widget-text-editor\" data-id=\"4d44385\" data-element_type=\"widget\" data-widget_type=\"text-editor.default\">\n\t\t\t\t<div class=\"elementor-widget-container\">\n\t\t\t\t\t\t\t\t\t<p>Du er alltid velkommen til \u00e5 kontakte oss med dine sp\u00f8rsm\u00e5l. P\u00e5 kontaktsiden finner du informasjon til n\u00f8kkelpersoner i v\u00e5r organisasjon. <span class=\"Apple-converted-space\">\u00a0<\/span><\/p>\n\t\t\t\t\t\t\t\t<\/div>\n\t\t\t\t<\/div>\n\t\t\t\t<div class=\"elementor-element elementor-element-fe6272a elementor-widget elementor-widget-button\" data-id=\"fe6272a\" data-element_type=\"widget\" data-widget_type=\"button.default\">\n\t\t\t\t<div class=\"elementor-widget-container\">\n\t\t\t\t\t\t\t\t\t<div class=\"elementor-button-wrapper\">\n\t\t\t\t\t<a class=\"elementor-button elementor-button-link elementor-size-sm\" href=\"https:\/\/dev.hydriawater.com\/no\/kontakt\/\">\n\t\t\t\t\t\t<span class=\"elementor-button-content-wrapper\">\n\t\t\t\t\t\t\t\t\t<span class=\"elementor-button-text\">Kontakt oss<\/span>\n\t\t\t\t\t<\/span>\n\t\t\t\t\t<\/a>\n\t\t\t\t<\/div>\n\t\t\t\t\t\t\t\t<\/div>\n\t\t\t\t<\/div>\n\t\t\t\t<\/div>\n\t\t<div class=\"elementor-element elementor-element-540403c e-con-full e-flex e-con e-child\" data-id=\"540403c\" data-element_type=\"container\" data-settings=\"{&quot;background_background&quot;:&quot;classic&quot;}\">\n\t\t\t\t<\/div>\n\t\t\t\t<\/div>\n\t\t\t\t<\/div>\n\t\t","protected":false},"excerpt":{"rendered":"<p>Rensh\u00e5ndtering Vaske, presse och avvann. Produkter Rensh\u00e5ndtering Innovativ rensh\u00e5ndtering Renset, alts\u00e5 s\u00f8ppelet som har kommet til renseanlegget med avl\u00f8psvannet og blitt filtrert bort i rensavskillingen, h\u00e5ndteres i rensh\u00e5ndteringen. Her vaskes og presses det for \u00e5 avvannes s\u00e5 mye som mulig, og deretter kj\u00f8res renset til forbrenning. \u00a0 Hydria Water har utviklet flere forskjellige rensh\u00e5ndteringsprodukter i [&hellip;]<\/p>\n","protected":false},"author":1,"featured_media":0,"parent":0,"menu_order":0,"comment_status":"closed","ping_status":"closed","template":"","meta":{"_acf_changed":false,"footnotes":""},"class_list":["post-3846","page","type-page","status-publish","hentry"],"acf":[],"_links":{"self":[{"href":"https:\/\/dev.hydriawater.com\/no\/wp-json\/wp\/v2\/pages\/3846","targetHints":{"allow":["GET"]}}],"collection":[{"href":"https:\/\/dev.hydriawater.com\/no\/wp-json\/wp\/v2\/pages"}],"about":[{"href":"https:\/\/dev.hydriawater.com\/no\/wp-json\/wp\/v2\/types\/page"}],"author":[{"embeddable":true,"href":"https:\/\/dev.hydriawater.com\/no\/wp-json\/wp\/v2\/users\/1"}],"replies":[{"embeddable":true,"href":"https:\/\/dev.hydriawater.com\/no\/wp-json\/wp\/v2\/comments?post=3846"}],"version-history":[{"count":3,"href":"https:\/\/dev.hydriawater.com\/no\/wp-json\/wp\/v2\/pages\/3846\/revisions"}],"predecessor-version":[{"id":3887,"href":"https:\/\/dev.hydriawater.com\/no\/wp-json\/wp\/v2\/pages\/3846\/revisions\/3887"}],"wp:attachment":[{"href":"https:\/\/dev.hydriawater.com\/no\/wp-json\/wp\/v2\/media?parent=3846"}],"curies":[{"name":"wp","href":"https:\/\/api.w.org\/{rel}","templated":true}]}}