{"id":3830,"date":"2023-09-26T09:10:48","date_gmt":"2023-09-26T07:10:48","guid":{"rendered":"https:\/\/dev.hydriawater.com\/rensavskilling\/"},"modified":"2025-01-03T15:16:17","modified_gmt":"2025-01-03T14:16:17","slug":"rensavskilling","status":"publish","type":"page","link":"https:\/\/dev.hydriawater.com\/no\/rensavskilling\/","title":{"rendered":"Utskilling av renseavfall"},"content":{"rendered":"\t\t<div data-elementor-type=\"wp-page\" data-elementor-id=\"3830\" class=\"elementor elementor-3830 elementor-975\" data-elementor-post-type=\"page\">\n\t\t\t\t<div class=\"elementor-element elementor-element-3984ecd e-flex e-con-boxed e-con e-parent\" data-id=\"3984ecd\" data-element_type=\"container\" data-settings=\"{&quot;background_background&quot;:&quot;classic&quot;}\">\n\t\t\t\t\t<div class=\"e-con-inner\">\n\t\t\t\t<div class=\"elementor-element elementor-element-4f3ec64 elementor-widget elementor-widget-heading\" data-id=\"4f3ec64\" data-element_type=\"widget\" data-widget_type=\"heading.default\">\n\t\t\t\t<div class=\"elementor-widget-container\">\n\t\t\t\t\t<h2 class=\"elementor-heading-title elementor-size-default\">Utskilling av renseavfall <\/h2>\t\t\t\t<\/div>\n\t\t\t\t<\/div>\n\t\t\t\t<div class=\"elementor-element elementor-element-d166b79 elementor-widget elementor-widget-heading\" data-id=\"d166b79\" data-element_type=\"widget\" data-widget_type=\"heading.default\">\n\t\t\t\t<div class=\"elementor-widget-container\">\n\t\t\t\t\t<h2 class=\"elementor-heading-title elementor-size-default\">Skiller ut <br>faste partikler <br>fra vann<\/h2>\t\t\t\t<\/div>\n\t\t\t\t<\/div>\n\t\t\t\t\t<\/div>\n\t\t\t\t<\/div>\n\t\t<div class=\"elementor-element elementor-element-c87b951 e-flex e-con-boxed e-con e-parent\" data-id=\"c87b951\" data-element_type=\"container\">\n\t\t\t\t\t<div class=\"e-con-inner\">\n\t\t\t\t<div class=\"elementor-element elementor-element-01b3a1d elementor-widget elementor-widget-heading\" data-id=\"01b3a1d\" data-element_type=\"widget\" data-widget_type=\"heading.default\">\n\t\t\t\t<div class=\"elementor-widget-container\">\n\t\t\t\t\t<h2 class=\"elementor-heading-title elementor-size-large\">Produkter<\/h2>\t\t\t\t<\/div>\n\t\t\t\t<\/div>\n\t\t\t\t\t<\/div>\n\t\t\t\t<\/div>\n\t\t<div class=\"elementor-element elementor-element-82a87e1 e-flex e-con-boxed e-con e-parent\" data-id=\"82a87e1\" data-element_type=\"container\">\n\t\t\t\t\t<div class=\"e-con-inner\">\n\t\t\t\t<div class=\"elementor-element elementor-element-aa63eda elementor-pagination-type-bullets elementor-arrows-position-inside elementor-pagination-position-outside elementor-widget elementor-widget-loop-carousel\" data-id=\"aa63eda\" data-element_type=\"widget\" data-settings=\"{&quot;template_id&quot;:977,&quot;slides_to_show&quot;:&quot;5&quot;,&quot;image_spacing_custom&quot;:{&quot;unit&quot;:&quot;px&quot;,&quot;size&quot;:0,&quot;sizes&quot;:[]},&quot;_skin&quot;:&quot;post&quot;,&quot;slides_to_show_laptop&quot;:&quot;3&quot;,&quot;slides_to_show_tablet&quot;:&quot;2&quot;,&quot;slides_to_show_mobile&quot;:&quot;1&quot;,&quot;slides_to_scroll&quot;:&quot;1&quot;,&quot;edit_handle_selector&quot;:&quot;.elementor-widget-container&quot;,&quot;autoplay&quot;:&quot;yes&quot;,&quot;autoplay_speed&quot;:5000,&quot;pause_on_hover&quot;:&quot;yes&quot;,&quot;pause_on_interaction&quot;:&quot;yes&quot;,&quot;infinite&quot;:&quot;yes&quot;,&quot;speed&quot;:500,&quot;offset_sides&quot;:&quot;none&quot;,&quot;arrows&quot;:&quot;yes&quot;,&quot;pagination&quot;:&quot;bullets&quot;,&quot;image_spacing_custom_laptop&quot;:{&quot;unit&quot;:&quot;px&quot;,&quot;size&quot;:&quot;&quot;,&quot;sizes&quot;:[]},&quot;image_spacing_custom_tablet&quot;:{&quot;unit&quot;:&quot;px&quot;,&quot;size&quot;:&quot;&quot;,&quot;sizes&quot;:[]},&quot;image_spacing_custom_mobile&quot;:{&quot;unit&quot;:&quot;px&quot;,&quot;size&quot;:&quot;&quot;,&quot;sizes&quot;:[]}}\" data-widget_type=\"loop-carousel.post\">\n\t\t\t\t<div class=\"elementor-widget-container\">\n\t\t\t\t\t\t\t<div class=\"e-loop-nothing-found-message\">\n\t\t<\/div>\n\t\t\t\t\t\t<\/div>\n\t\t\t\t<\/div>\n\t\t\t\t\t<\/div>\n\t\t\t\t<\/div>\n\t\t<div class=\"elementor-element elementor-element-4f5df93 e-con-full segmenttitle e-flex e-con e-parent\" data-id=\"4f5df93\" data-element_type=\"container\" data-settings=\"{&quot;background_background&quot;:&quot;classic&quot;}\">\n\t\t<div class=\"elementor-element elementor-element-20c63cb e-con-full e-flex e-con e-child\" data-id=\"20c63cb\" data-element_type=\"container\">\n\t\t\t\t<div class=\"elementor-element elementor-element-bbf387a elementor-widget elementor-widget-heading\" data-id=\"bbf387a\" data-element_type=\"widget\" data-widget_type=\"heading.default\">\n\t\t\t\t<div class=\"elementor-widget-container\">\n\t\t\t\t\t<h2 class=\"elementor-heading-title elementor-size-default\">Utskilling av renseavfall <\/h2>\t\t\t\t<\/div>\n\t\t\t\t<\/div>\n\t\t\t\t<div class=\"elementor-element elementor-element-c4f3eab largemobiletitle elementor-widget elementor-widget-heading\" data-id=\"c4f3eab\" data-element_type=\"widget\" data-widget_type=\"heading.default\">\n\t\t\t\t<div class=\"elementor-widget-container\">\n\t\t\t\t\t<h2 class=\"elementor-heading-title elementor-size-xl\">Effektive maskiner for mekanisk vannrensing<\/h2>\t\t\t\t<\/div>\n\t\t\t\t<\/div>\n\t\t\t\t<div class=\"elementor-element elementor-element-b37bef9 elementor-widget elementor-widget-text-editor\" data-id=\"b37bef9\" data-element_type=\"widget\" data-widget_type=\"text-editor.default\">\n\t\t\t\t<div class=\"elementor-widget-container\">\n\t\t\t\t\t\t\t\t\t<p>Det f\u00f8rste trinnet i mekanisk rensing er rensavskillingsprosessen. <span lang=\"NO-BOK\">Her filtreres avl\u00f8psvannet gjennom en rist eller filter som fanger opp renseavfall og partikler.<\/span> Spaltene i gitteret er s\u00e5 sm\u00e5 at kun vann, sand og sm\u00e5 organiske partikler passerer gjennom. Alt annet som er skylt ned og kommer med avl\u00f8psvannet, skilles ut. <span lang=\"NO-BOK\">Avfallet f\u00f8res videre til vaskepress for ristgods for vask og avvanning, mens avl\u00f8psvannet filtreres videre til neste trinn, sandfang og\/eller forsedimentering.\u00a0<\/span> <span class=\"Apple-converted-space\">\u00a0<\/span><\/p>\n<div><span lang=\"NO-BOK\">Hydria Water tilbyr flere effektive produkter for mekanisk renseavfall utskilling, for b\u00e5de innen fint og grovt materiale. V\u00e5re trapperister er markedsledende takket v\u00e6re den unike konstruksjonen og v\u00e5rt patentert bunntrinn. Vi tilbyr ogs\u00e5 spiralsiler med perforerte silkurer for smale kanaler, eksternslammottakere og modulbygde maskiner.<br \/>\n<\/span><span class=\"Apple-converted-space\">\u00a0<\/span><\/div>\n\t\t\t\t\t\t\t\t<\/div>\n\t\t\t\t<\/div>\n\t\t\t\t<\/div>\n\t\t<div class=\"elementor-element elementor-element-4b5a4ae e-con-full e-flex e-con e-child\" data-id=\"4b5a4ae\" data-element_type=\"container\" data-settings=\"{&quot;background_background&quot;:&quot;classic&quot;}\">\n\t\t\t\t<\/div>\n\t\t\t\t<\/div>\n\t\t<div class=\"elementor-element elementor-element-728ea17 e-con-full segmenttitle e-flex e-con e-parent\" data-id=\"728ea17\" data-element_type=\"container\" data-settings=\"{&quot;background_background&quot;:&quot;classic&quot;}\">\n\t\t<div class=\"elementor-element elementor-element-81affae e-con-full e-flex e-con e-child\" data-id=\"81affae\" data-element_type=\"container\">\n\t\t\t\t<div class=\"elementor-element elementor-element-863778e elementor-widget elementor-widget-heading\" data-id=\"863778e\" data-element_type=\"widget\" data-widget_type=\"heading.default\">\n\t\t\t\t<div class=\"elementor-widget-container\">\n\t\t\t\t\t<h2 class=\"elementor-heading-title elementor-size-default\">TRYGGHETSAVTALE<\/h2>\t\t\t\t<\/div>\n\t\t\t\t<\/div>\n\t\t\t\t<div class=\"elementor-element elementor-element-0bbd8c1 largemobiletitle elementor-widget elementor-widget-heading\" data-id=\"0bbd8c1\" data-element_type=\"widget\" data-widget_type=\"heading.default\">\n\t\t\t\t<div class=\"elementor-widget-container\">\n\t\t\t\t\t<h2 class=\"elementor-heading-title elementor-size-xl\">TEGN ET TRYGGHETSAVTALE <\/h2>\t\t\t\t<\/div>\n\t\t\t\t<\/div>\n\t\t\t\t<div class=\"elementor-element elementor-element-71cd99f elementor-widget elementor-widget-text-editor\" data-id=\"71cd99f\" data-element_type=\"widget\" data-widget_type=\"text-editor.default\">\n\t\t\t\t<div class=\"elementor-widget-container\">\n\t\t\t\t\t\t\t\t\t<p>Med et Trygghetsavtale er du alltid en prioritert kunde hos oss. V\u00e5re eksperter gjennomf\u00f8rer regelmessig og forebyggende service og vedlikehold p\u00e5 maskinparken din. Dette gir deg trygghet i at utstyret fungerer som det skal. <span class=\"Apple-converted-space\">\u00a0<\/span><\/p>\n\t\t\t\t\t\t\t\t<\/div>\n\t\t\t\t<\/div>\n\t\t\t\t<div class=\"elementor-element elementor-element-0fc08ce elementor-widget elementor-widget-button\" data-id=\"0fc08ce\" data-element_type=\"widget\" data-widget_type=\"button.default\">\n\t\t\t\t<div class=\"elementor-widget-container\">\n\t\t\t\t\t\t\t\t\t<div class=\"elementor-button-wrapper\">\n\t\t\t\t\t<a class=\"elementor-button elementor-button-link elementor-size-sm\" href=\"https:\/\/dev.hydriawater.com\/no\/trygghetsavtale\/\">\n\t\t\t\t\t\t<span class=\"elementor-button-content-wrapper\">\n\t\t\t\t\t\t\t\t\t<span class=\"elementor-button-text\">Mer om avtaler<\/span>\n\t\t\t\t\t<\/span>\n\t\t\t\t\t<\/a>\n\t\t\t\t<\/div>\n\t\t\t\t\t\t\t\t<\/div>\n\t\t\t\t<\/div>\n\t\t\t\t<\/div>\n\t\t<div class=\"elementor-element elementor-element-9bf6b1c e-con-full e-flex e-con e-child\" data-id=\"9bf6b1c\" data-element_type=\"container\" data-settings=\"{&quot;background_background&quot;:&quot;classic&quot;}\">\n\t\t\t\t<\/div>\n\t\t\t\t<\/div>\n\t\t<div class=\"elementor-element elementor-element-c07f9e1 e-con-full segmenttitle e-flex e-con e-parent\" data-id=\"c07f9e1\" data-element_type=\"container\" data-settings=\"{&quot;background_background&quot;:&quot;classic&quot;}\">\n\t\t<div class=\"elementor-element elementor-element-6ec5cbf e-con-full e-flex e-con e-child\" data-id=\"6ec5cbf\" data-element_type=\"container\">\n\t\t\t\t<div class=\"elementor-element elementor-element-33ac873 elementor-widget elementor-widget-heading\" data-id=\"33ac873\" data-element_type=\"widget\" data-widget_type=\"heading.default\">\n\t\t\t\t<div class=\"elementor-widget-container\">\n\t\t\t\t\t<h2 class=\"elementor-heading-title elementor-size-default\">Kontakt<\/h2>\t\t\t\t<\/div>\n\t\t\t\t<\/div>\n\t\t\t\t<div class=\"elementor-element elementor-element-0cadeca largemobiletitle elementor-widget elementor-widget-heading\" data-id=\"0cadeca\" data-element_type=\"widget\" data-widget_type=\"heading.default\">\n\t\t\t\t<div class=\"elementor-widget-container\">\n\t\t\t\t\t<h2 class=\"elementor-heading-title elementor-size-xl\">VI ER MED DEG HELE VEIEN  <\/h2>\t\t\t\t<\/div>\n\t\t\t\t<\/div>\n\t\t\t\t<div class=\"elementor-element elementor-element-1ec2844 elementor-widget elementor-widget-text-editor\" data-id=\"1ec2844\" data-element_type=\"widget\" data-widget_type=\"text-editor.default\">\n\t\t\t\t<div class=\"elementor-widget-container\">\n\t\t\t\t\t\t\t\t\t<p>Du er alltid velkommen til \u00e5 kontakte oss med dine sp\u00f8rsm\u00e5l. P\u00e5 kontaktsiden finner du informasjon til n\u00f8kkelpersoner i v\u00e5r organisasjon.<\/p>\n\t\t\t\t\t\t\t\t<\/div>\n\t\t\t\t<\/div>\n\t\t\t\t<div class=\"elementor-element elementor-element-f86fbbd elementor-widget elementor-widget-button\" data-id=\"f86fbbd\" data-element_type=\"widget\" data-widget_type=\"button.default\">\n\t\t\t\t<div class=\"elementor-widget-container\">\n\t\t\t\t\t\t\t\t\t<div class=\"elementor-button-wrapper\">\n\t\t\t\t\t<a class=\"elementor-button elementor-button-link elementor-size-sm\" href=\"https:\/\/dev.hydriawater.com\/no\/kontakt\/\">\n\t\t\t\t\t\t<span class=\"elementor-button-content-wrapper\">\n\t\t\t\t\t\t\t\t\t<span class=\"elementor-button-text\">Kontakt oss<\/span>\n\t\t\t\t\t<\/span>\n\t\t\t\t\t<\/a>\n\t\t\t\t<\/div>\n\t\t\t\t\t\t\t\t<\/div>\n\t\t\t\t<\/div>\n\t\t\t\t<\/div>\n\t\t<div class=\"elementor-element elementor-element-7a138cd e-con-full e-flex e-con e-child\" data-id=\"7a138cd\" data-element_type=\"container\" data-settings=\"{&quot;background_background&quot;:&quot;classic&quot;}\">\n\t\t\t\t<\/div>\n\t\t\t\t<\/div>\n\t\t\t\t<\/div>\n\t\t","protected":false},"excerpt":{"rendered":"<p>Utskilling av renseavfall Skiller ut faste partikler fra vann Produkter Utskilling av renseavfall Effektive maskiner for mekanisk vannrensing Det f\u00f8rste trinnet i mekanisk rensing er rensavskillingsprosessen. Her filtreres avl\u00f8psvannet gjennom en rist eller filter som fanger opp renseavfall og partikler. Spaltene i gitteret er s\u00e5 sm\u00e5 at kun vann, sand og sm\u00e5 organiske partikler passerer [&hellip;]<\/p>\n","protected":false},"author":1,"featured_media":0,"parent":0,"menu_order":0,"comment_status":"closed","ping_status":"closed","template":"","meta":{"_acf_changed":false,"footnotes":""},"class_list":["post-3830","page","type-page","status-publish","hentry"],"acf":[],"_links":{"self":[{"href":"https:\/\/dev.hydriawater.com\/no\/wp-json\/wp\/v2\/pages\/3830","targetHints":{"allow":["GET"]}}],"collection":[{"href":"https:\/\/dev.hydriawater.com\/no\/wp-json\/wp\/v2\/pages"}],"about":[{"href":"https:\/\/dev.hydriawater.com\/no\/wp-json\/wp\/v2\/types\/page"}],"author":[{"embeddable":true,"href":"https:\/\/dev.hydriawater.com\/no\/wp-json\/wp\/v2\/users\/1"}],"replies":[{"embeddable":true,"href":"https:\/\/dev.hydriawater.com\/no\/wp-json\/wp\/v2\/comments?post=3830"}],"version-history":[{"count":7,"href":"https:\/\/dev.hydriawater.com\/no\/wp-json\/wp\/v2\/pages\/3830\/revisions"}],"predecessor-version":[{"id":4174,"href":"https:\/\/dev.hydriawater.com\/no\/wp-json\/wp\/v2\/pages\/3830\/revisions\/4174"}],"wp:attachment":[{"href":"https:\/\/dev.hydriawater.com\/no\/wp-json\/wp\/v2\/media?parent=3830"}],"curies":[{"name":"wp","href":"https:\/\/api.w.org\/{rel}","templated":true}]}}