{"id":3822,"date":"2023-10-02T08:28:09","date_gmt":"2023-10-02T06:28:09","guid":{"rendered":"https:\/\/dev.hydriawater.com\/montering\/"},"modified":"2025-01-14T09:07:19","modified_gmt":"2025-01-14T08:07:19","slug":"montering","status":"publish","type":"page","link":"https:\/\/dev.hydriawater.com\/no\/montering\/","title":{"rendered":"Montering"},"content":{"rendered":"\t\t<div data-elementor-type=\"wp-page\" data-elementor-id=\"3822\" class=\"elementor elementor-3822 elementor-1241\" data-elementor-post-type=\"page\">\n\t\t\t\t<div class=\"elementor-element elementor-element-23ef2ab8 e-flex e-con-boxed e-con e-parent\" data-id=\"23ef2ab8\" data-element_type=\"container\" data-settings=\"{&quot;background_background&quot;:&quot;classic&quot;}\">\n\t\t\t\t\t<div class=\"e-con-inner\">\n\t\t\t\t<div class=\"elementor-element elementor-element-335440b1 elementor-widget elementor-widget-heading\" data-id=\"335440b1\" data-element_type=\"widget\" data-widget_type=\"heading.default\">\n\t\t\t\t<div class=\"elementor-widget-container\">\n\t\t\t\t\t<h2 class=\"elementor-heading-title elementor-size-default\">Montering og Igangsetting<\/h2>\t\t\t\t<\/div>\n\t\t\t\t<\/div>\n\t\t\t\t\t<\/div>\n\t\t\t\t<\/div>\n\t\t<div class=\"elementor-element elementor-element-7e49be65 e-flex e-con-boxed e-con e-parent\" data-id=\"7e49be65\" data-element_type=\"container\">\n\t\t\t\t\t<div class=\"e-con-inner\">\n\t\t\t\t<div class=\"elementor-element elementor-element-783673e3 elementor-widget elementor-widget-text-editor\" data-id=\"783673e3\" data-element_type=\"widget\" data-widget_type=\"text-editor.default\">\n\t\t\t\t<div class=\"elementor-widget-container\">\n\t\t\t\t\t\t\t\t\t<p>Det er klokt valg og kj\u00f8pe utstyr fra Hydria Water, visste du at vi ogs\u00e5 tilbyr montering og igangsetting. V\u00e5re dyktige mont\u00f8rer har bred kompetanse og installerer utstyr over hele landet. Dette gj\u00f8r oss effektive og n\u00f8ye, og med v\u00e5r lange erfaring i bransjen, kan vi garantere en smidig prosess. <span class=\"Apple-converted-space\">\u00a0<\/span><\/p>\n\t\t\t\t\t\t\t\t<\/div>\n\t\t\t\t<\/div>\n\t\t\t\t\t<\/div>\n\t\t\t\t<\/div>\n\t\t<div class=\"elementor-element elementor-element-fa6534d e-flex e-con-boxed e-con e-parent\" data-id=\"fa6534d\" data-element_type=\"container\">\n\t\t\t\t\t<div class=\"e-con-inner\">\n\t\t<div class=\"elementor-element elementor-element-1a26c1f0 e-con-full e-flex e-con e-child\" data-id=\"1a26c1f0\" data-element_type=\"container\">\n\t\t\t\t<div class=\"elementor-element elementor-element-3d05d920 elementor-widget elementor-widget-image\" data-id=\"3d05d920\" data-element_type=\"widget\" data-widget_type=\"image.default\">\n\t\t\t\t<div class=\"elementor-widget-container\">\n\t\t\t\t\t\t\t\t\t\t\t\t\t\t\t<img fetchpriority=\"high\" decoding=\"async\" width=\"800\" height=\"534\" src=\"https:\/\/dev.hydriawater.com\/wp-content\/uploads\/2024\/08\/lat_oss_driftsatta_1920x1280-1024x683.jpg\" class=\"attachment-large size-large wp-image-3424\" alt=\"\" srcset=\"https:\/\/dev.hydriawater.com\/wp-content\/uploads\/2024\/08\/lat_oss_driftsatta_1920x1280-1024x683.jpg 1024w, https:\/\/dev.hydriawater.com\/wp-content\/uploads\/2024\/08\/lat_oss_driftsatta_1920x1280-300x200.jpg 300w, https:\/\/dev.hydriawater.com\/wp-content\/uploads\/2024\/08\/lat_oss_driftsatta_1920x1280-768x512.jpg 768w, https:\/\/dev.hydriawater.com\/wp-content\/uploads\/2024\/08\/lat_oss_driftsatta_1920x1280-1536x1024.jpg 1536w, https:\/\/dev.hydriawater.com\/wp-content\/uploads\/2024\/08\/lat_oss_driftsatta_1920x1280.jpg 1920w\" sizes=\"(max-width: 800px) 100vw, 800px\" \/>\t\t\t\t\t\t\t\t\t\t\t\t\t\t\t<\/div>\n\t\t\t\t<\/div>\n\t\t\t\t<\/div>\n\t\t<div class=\"elementor-element elementor-element-52279969 e-con-full e-flex e-con e-child\" data-id=\"52279969\" data-element_type=\"container\">\n\t\t\t\t<div class=\"elementor-element elementor-element-7726feb3 elementor-widget elementor-widget-heading\" data-id=\"7726feb3\" data-element_type=\"widget\" data-widget_type=\"heading.default\">\n\t\t\t\t<div class=\"elementor-widget-container\">\n\t\t\t\t\t<h2 class=\"elementor-heading-title elementor-size-default\">LA OSS SETTE I GANG <\/h2>\t\t\t\t<\/div>\n\t\t\t\t<\/div>\n\t\t\t\t<div class=\"elementor-element elementor-element-2c355962 elementor-widget elementor-widget-text-editor\" data-id=\"2c355962\" data-element_type=\"widget\" data-widget_type=\"text-editor.default\">\n\t\t\t\t<div class=\"elementor-widget-container\">\n\t\t\t\t\t\t\t\t\t<p>N\u00e5r utstyret er montert, av enten oss eller dere, hjelper vi gjerne til med igangsettingen. Da sjekker vi at utstyret er montert i henhold til anvisninger, utf\u00f8rer en testkj\u00f8ring og oppretter en protokoll som et kvalitetsstempel for b\u00e5de dere og oss. <span class=\"Apple-converted-space\">\u00a0<\/span><\/p>\n\t\t\t\t\t\t\t\t<\/div>\n\t\t\t\t<\/div>\n\t\t\t\t<\/div>\n\t\t\t\t\t<\/div>\n\t\t\t\t<\/div>\n\t\t<div class=\"elementor-element elementor-element-74a8e704 e-flex e-con-boxed e-con e-parent\" data-id=\"74a8e704\" data-element_type=\"container\">\n\t\t\t\t\t<div class=\"e-con-inner\">\n\t\t<div class=\"elementor-element elementor-element-43f85cf3 e-flex e-con-boxed e-con e-child\" data-id=\"43f85cf3\" data-element_type=\"container\" data-settings=\"{&quot;background_background&quot;:&quot;classic&quot;}\">\n\t\t\t\t\t<div class=\"e-con-inner\">\n\t\t\t\t<div class=\"elementor-element elementor-element-184c8223 elementor-widget elementor-widget-heading\" data-id=\"184c8223\" data-element_type=\"widget\" data-widget_type=\"heading.default\">\n\t\t\t\t<div class=\"elementor-widget-container\">\n\t\t\t\t\t<h2 class=\"elementor-heading-title elementor-size-default\">FORDELER MED \u00c5 LA OSS H\u00c5NDTERE MONTERING OG IGANGSETTING <\/h2>\t\t\t\t<\/div>\n\t\t\t\t<\/div>\n\t\t\t\t<div class=\"elementor-element elementor-element-90d6abc elementor-widget elementor-widget-text-editor\" data-id=\"90d6abc\" data-element_type=\"widget\" data-widget_type=\"text-editor.default\">\n\t\t\t\t<div class=\"elementor-widget-container\">\n\t\t\t\t\t\t\t\t\t<p>\u2022 Stor kunnskap om utstyret <span class=\"Apple-converted-space\">\u00a0<\/span><\/p>\n<p>\u2022 Garanti for korrekt montering <span class=\"Apple-converted-space\">\u00a0<\/span><\/p>\n<p>\u2022 Effektiv installasjon og igangsetting <span class=\"Apple-converted-space\">\u00a0<\/span><\/p>\n<p>\u2022 Mulighet til \u00e5 oppdage eventuelle justeringer eller tillegg umiddelbart <span class=\"Apple-converted-space\">\u00a0<\/span><\/p>\n<p>\u2022 Vi tar ansvar hele veien, fra levering til drift <span class=\"Apple-converted-space\">\u00a0<\/span><\/p>\n\t\t\t\t\t\t\t\t<\/div>\n\t\t\t\t<\/div>\n\t\t\t\t\t<\/div>\n\t\t\t\t<\/div>\n\t\t\t\t\t<\/div>\n\t\t\t\t<\/div>\n\t\t<div class=\"elementor-element elementor-element-56e22755 e-flex e-con-boxed e-con e-parent\" data-id=\"56e22755\" data-element_type=\"container\">\n\t\t\t\t\t<div class=\"e-con-inner\">\n\t\t<div class=\"elementor-element elementor-element-4f0c5a84 e-flex e-con-boxed e-con e-child\" data-id=\"4f0c5a84\" data-element_type=\"container\" data-settings=\"{&quot;background_background&quot;:&quot;classic&quot;}\">\n\t\t\t\t\t<div class=\"e-con-inner\">\n\t\t\t\t<div class=\"elementor-element elementor-element-320afec8 elementor-widget__width-initial elementor-widget elementor-widget-heading\" data-id=\"320afec8\" data-element_type=\"widget\" data-widget_type=\"heading.default\">\n\t\t\t\t<div class=\"elementor-widget-container\">\n\t\t\t\t\t<h2 class=\"elementor-heading-title elementor-size-default\">SERVICE OG MONTERING med HYDRIA WATER<\/h2>\t\t\t\t<\/div>\n\t\t\t\t<\/div>\n\t\t\t\t<div class=\"elementor-element elementor-element-32d8e77d elementor-widget__width-initial elementor-widget elementor-widget-text-editor\" data-id=\"32d8e77d\" data-element_type=\"widget\" data-widget_type=\"text-editor.default\">\n\t\t\t\t<div class=\"elementor-widget-container\">\n\t\t\t\t\t\t\t\t\t<p><strong>Hvem drar nytte av \u00e5 la Hydria Water h\u00e5ndtere montering og igangkj\u00f8ring av vannrensemaskiner?<\/strong><br \/>\u2013 Alle som planlegger \u00e5 kj\u00f8pe et produkt fra oss. V\u00e5re mont\u00f8rer kjenner produktene v\u00e5re godt, og vi kan garantere kunden en smidig installasjon. Hvis kunden ogs\u00e5 inkluderer igangkj\u00f8ring, er det mange fordeler med tanke p\u00e5 levetid, garantier og support.<br \/><br \/><\/p><p><strong>Kontakt<\/strong><br \/>Nysgjerrig p\u00e5 \u00e5 vite mer om hvordan vi kan hjelpe med montering eller igangkj\u00f8ring? Da er det Kristoffer du skal snakke med.<br \/><br \/><\/p><p>Tel: +46 33 23 67 26<br \/>Mobil: +46 76 261 98 52<br \/><a href=\"mailto:kristoffer.lindberg@hydriawater.com\" rel=\"noopener\">kristoffer.lindberg@hydriawater.com<\/a><\/p>\t\t\t\t\t\t\t\t<\/div>\n\t\t\t\t<\/div>\n\t\t\t\t\t<\/div>\n\t\t\t\t<\/div>\n\t\t\t\t\t<\/div>\n\t\t\t\t<\/div>\n\t\t\t\t<\/div>\n\t\t","protected":false},"excerpt":{"rendered":"<p>Montering og Igangsetting Det er klokt valg og kj\u00f8pe utstyr fra Hydria Water, visste du at vi ogs\u00e5 tilbyr montering og igangsetting. V\u00e5re dyktige mont\u00f8rer har bred kompetanse og installerer utstyr over hele landet. Dette gj\u00f8r oss effektive og n\u00f8ye, og med v\u00e5r lange erfaring i bransjen, kan vi garantere en smidig prosess. \u00a0 LA [&hellip;]<\/p>\n","protected":false},"author":1,"featured_media":0,"parent":0,"menu_order":0,"comment_status":"closed","ping_status":"closed","template":"","meta":{"_acf_changed":false,"footnotes":""},"class_list":["post-3822","page","type-page","status-publish","hentry"],"acf":[],"_links":{"self":[{"href":"https:\/\/dev.hydriawater.com\/no\/wp-json\/wp\/v2\/pages\/3822","targetHints":{"allow":["GET"]}}],"collection":[{"href":"https:\/\/dev.hydriawater.com\/no\/wp-json\/wp\/v2\/pages"}],"about":[{"href":"https:\/\/dev.hydriawater.com\/no\/wp-json\/wp\/v2\/types\/page"}],"author":[{"embeddable":true,"href":"https:\/\/dev.hydriawater.com\/no\/wp-json\/wp\/v2\/users\/1"}],"replies":[{"embeddable":true,"href":"https:\/\/dev.hydriawater.com\/no\/wp-json\/wp\/v2\/comments?post=3822"}],"version-history":[{"count":10,"href":"https:\/\/dev.hydriawater.com\/no\/wp-json\/wp\/v2\/pages\/3822\/revisions"}],"predecessor-version":[{"id":4281,"href":"https:\/\/dev.hydriawater.com\/no\/wp-json\/wp\/v2\/pages\/3822\/revisions\/4281"}],"wp:attachment":[{"href":"https:\/\/dev.hydriawater.com\/no\/wp-json\/wp\/v2\/media?parent=3822"}],"curies":[{"name":"wp","href":"https:\/\/api.w.org\/{rel}","templated":true}]}}